{"id":1981,"date":"2025-07-07T10:35:50","date_gmt":"2025-07-07T08:35:50","guid":{"rendered":"https:\/\/ensa.jklanten.nl\/product\/leafwrap-lfe\/"},"modified":"2025-07-07T13:06:55","modified_gmt":"2025-07-07T11:06:55","slug":"leafwrap-lfe","status":"publish","type":"product","link":"https:\/\/ensa.eu\/es\/product\/leafwrap-lfe\/","title":{"rendered":"LeafWrap LFE"},"content":{"rendered":"<p>Ensa desarroll\u00f3 una soluci\u00f3n \u00fanica para crear un producto de alta calidad que posiciona dos recortes de hojas de tabaco (uno de capote y otro de capa) uno sobre otro, brindando a los consumidores la posibilidad de liar su propio producto de tabaco.<\/p>\n<p>Desde las bobinas de capa y capote, los recortes se recogen y se colocan con alta precisi\u00f3n. Durante el traslado desde la posici\u00f3n de recogida hasta la posici\u00f3n final definida, la hoja de capote pasa por la secci\u00f3n de pegamento para recibir la cantidad exacta requerida de adhesivo. Las hojas se manipulan con el m\u00e1ximo cuidado y se presionan suavemente una sobre otra.<\/p>\n<p>\u00a1Esto da como resultado un producto \u00fanico!<\/p>\n<p>La producci\u00f3n es de 30 a 33 unidades por minuto.<\/p>\n","protected":false},"featured_media":0,"template":"","meta":{"_acf_changed":false,"footnotes":""},"class_list":["post-1981","product","type-product","status-publish","hentry"],"acf":[],"yoast_head":"<!-- This site is optimized with the Yoast SEO plugin v26.6 - https:\/\/yoast.com\/wordpress\/plugins\/seo\/ -->\n<title>LeafWrap LFE - Ensa Machine Bouw<\/title>\n<meta name=\"robots\" content=\"index, follow, max-snippet:-1, max-image-preview:large, max-video-preview:-1\" \/>\n<link rel=\"canonical\" href=\"https:\/\/ensa.eu\/es\/product\/leafwrap-lfe\/\" \/>\n<meta property=\"og:locale\" content=\"es_ES\" \/>\n<meta property=\"og:type\" content=\"article\" \/>\n<meta property=\"og:title\" content=\"LeafWrap LFE - Ensa Machine Bouw\" \/>\n<meta property=\"og:description\" content=\"Ensa desarroll\u00f3 una soluci\u00f3n \u00fanica para crear un producto de alta calidad que posiciona dos recortes de hojas de tabaco (uno de capote y otro de capa) uno sobre otro, brindando a los consumidores la posibilidad de liar su propio producto de tabaco. Desde las bobinas de capa y capote, los recortes se recogen y [&hellip;]\" \/>\n<meta property=\"og:url\" content=\"https:\/\/ensa.eu\/es\/product\/leafwrap-lfe\/\" \/>\n<meta property=\"og:site_name\" content=\"Ensa Machine Bouw\" \/>\n<meta property=\"article:modified_time\" content=\"2025-07-07T11:06:55+00:00\" \/>\n<meta name=\"twitter:card\" content=\"summary_large_image\" \/>\n<meta name=\"twitter:label1\" content=\"Tiempo de lectura\" \/>\n\t<meta name=\"twitter:data1\" content=\"1 minuto\" \/>\n<script type=\"application\/ld+json\" class=\"yoast-schema-graph\">{\"@context\":\"https:\/\/schema.org\",\"@graph\":[{\"@type\":\"WebPage\",\"@id\":\"https:\/\/ensa.eu\/es\/product\/leafwrap-lfe\/\",\"url\":\"https:\/\/ensa.eu\/es\/product\/leafwrap-lfe\/\",\"name\":\"LeafWrap LFE - Ensa Machine Bouw\",\"isPartOf\":{\"@id\":\"https:\/\/ensa.eu\/#website\"},\"datePublished\":\"2025-07-07T08:35:50+00:00\",\"dateModified\":\"2025-07-07T11:06:55+00:00\",\"breadcrumb\":{\"@id\":\"https:\/\/ensa.eu\/es\/product\/leafwrap-lfe\/#breadcrumb\"},\"inLanguage\":\"es\",\"potentialAction\":[{\"@type\":\"ReadAction\",\"target\":[\"https:\/\/ensa.eu\/es\/product\/leafwrap-lfe\/\"]}]},{\"@type\":\"BreadcrumbList\",\"@id\":\"https:\/\/ensa.eu\/es\/product\/leafwrap-lfe\/#breadcrumb\",\"itemListElement\":[{\"@type\":\"ListItem\",\"position\":1,\"name\":\"Home\",\"item\":\"https:\/\/ensa.eu\/es\/\"},{\"@type\":\"ListItem\",\"position\":2,\"name\":\"LeafWrap LFE\"}]},{\"@type\":\"WebSite\",\"@id\":\"https:\/\/ensa.eu\/#website\",\"url\":\"https:\/\/ensa.eu\/\",\"name\":\"Ensa Machine Bouw\",\"description\":\"\",\"potentialAction\":[{\"@type\":\"SearchAction\",\"target\":{\"@type\":\"EntryPoint\",\"urlTemplate\":\"https:\/\/ensa.eu\/?s={search_term_string}\"},\"query-input\":{\"@type\":\"PropertyValueSpecification\",\"valueRequired\":true,\"valueName\":\"search_term_string\"}}],\"inLanguage\":\"es\"}]}<\/script>\n<!-- \/ Yoast SEO plugin. -->","yoast_head_json":{"title":"LeafWrap LFE - Ensa Machine Bouw","robots":{"index":"index","follow":"follow","max-snippet":"max-snippet:-1","max-image-preview":"max-image-preview:large","max-video-preview":"max-video-preview:-1"},"canonical":"https:\/\/ensa.eu\/es\/product\/leafwrap-lfe\/","og_locale":"es_ES","og_type":"article","og_title":"LeafWrap LFE - Ensa Machine Bouw","og_description":"Ensa desarroll\u00f3 una soluci\u00f3n \u00fanica para crear un producto de alta calidad que posiciona dos recortes de hojas de tabaco (uno de capote y otro de capa) uno sobre otro, brindando a los consumidores la posibilidad de liar su propio producto de tabaco. Desde las bobinas de capa y capote, los recortes se recogen y [&hellip;]","og_url":"https:\/\/ensa.eu\/es\/product\/leafwrap-lfe\/","og_site_name":"Ensa Machine Bouw","article_modified_time":"2025-07-07T11:06:55+00:00","twitter_card":"summary_large_image","twitter_misc":{"Tiempo de lectura":"1 minuto"},"schema":{"@context":"https:\/\/schema.org","@graph":[{"@type":"WebPage","@id":"https:\/\/ensa.eu\/es\/product\/leafwrap-lfe\/","url":"https:\/\/ensa.eu\/es\/product\/leafwrap-lfe\/","name":"LeafWrap LFE - Ensa Machine Bouw","isPartOf":{"@id":"https:\/\/ensa.eu\/#website"},"datePublished":"2025-07-07T08:35:50+00:00","dateModified":"2025-07-07T11:06:55+00:00","breadcrumb":{"@id":"https:\/\/ensa.eu\/es\/product\/leafwrap-lfe\/#breadcrumb"},"inLanguage":"es","potentialAction":[{"@type":"ReadAction","target":["https:\/\/ensa.eu\/es\/product\/leafwrap-lfe\/"]}]},{"@type":"BreadcrumbList","@id":"https:\/\/ensa.eu\/es\/product\/leafwrap-lfe\/#breadcrumb","itemListElement":[{"@type":"ListItem","position":1,"name":"Home","item":"https:\/\/ensa.eu\/es\/"},{"@type":"ListItem","position":2,"name":"LeafWrap LFE"}]},{"@type":"WebSite","@id":"https:\/\/ensa.eu\/#website","url":"https:\/\/ensa.eu\/","name":"Ensa Machine Bouw","description":"","potentialAction":[{"@type":"SearchAction","target":{"@type":"EntryPoint","urlTemplate":"https:\/\/ensa.eu\/?s={search_term_string}"},"query-input":{"@type":"PropertyValueSpecification","valueRequired":true,"valueName":"search_term_string"}}],"inLanguage":"es"}]}},"_links":{"self":[{"href":"https:\/\/ensa.eu\/es\/wp-json\/wp\/v2\/product\/1981","targetHints":{"allow":["GET"]}}],"collection":[{"href":"https:\/\/ensa.eu\/es\/wp-json\/wp\/v2\/product"}],"about":[{"href":"https:\/\/ensa.eu\/es\/wp-json\/wp\/v2\/types\/product"}],"version-history":[{"count":2,"href":"https:\/\/ensa.eu\/es\/wp-json\/wp\/v2\/product\/1981\/revisions"}],"predecessor-version":[{"id":2015,"href":"https:\/\/ensa.eu\/es\/wp-json\/wp\/v2\/product\/1981\/revisions\/2015"}],"wp:attachment":[{"href":"https:\/\/ensa.eu\/es\/wp-json\/wp\/v2\/media?parent=1981"}],"curies":[{"name":"wp","href":"https:\/\/api.w.org\/{rel}","templated":true}]}}