{"id":1896,"date":"2025-04-17T11:51:57","date_gmt":"2025-04-17T09:51:57","guid":{"rendered":"https:\/\/ensa.jklanten.nl\/fabricacion\/"},"modified":"2025-06-05T11:26:03","modified_gmt":"2025-06-05T09:26:03","slug":"fabricacion","status":"publish","type":"page","link":"https:\/\/ensa.eu\/es\/fabricacion\/","title":{"rendered":"Fabricaci\u00f3n"},"content":{"rendered":"\t\t<div data-elementor-type=\"wp-page\" data-elementor-id=\"1896\" class=\"elementor elementor-1896 elementor-951\" data-elementor-post-type=\"page\">\n\t\t\t\t<div class=\"elementor-element elementor-element-f1d5c61 e-flex e-con-boxed e-con e-parent\" data-id=\"f1d5c61\" data-element_type=\"container\" data-settings=\"{&quot;background_background&quot;:&quot;slideshow&quot;,&quot;background_slideshow_gallery&quot;:[{&quot;id&quot;:23,&quot;url&quot;:&quot;https:\\\/\\\/ensa.eu\\\/wp-content\\\/uploads\\\/2025\\\/02\\\/ensa-machinebouw-homepage-slide-4.jpg&quot;},{&quot;id&quot;:22,&quot;url&quot;:&quot;https:\\\/\\\/ensa.eu\\\/wp-content\\\/uploads\\\/2025\\\/02\\\/ensa-machinebouw-homepage-slide-3.jpg&quot;}],&quot;background_slideshow_ken_burns&quot;:&quot;yes&quot;,&quot;background_slideshow_loop&quot;:&quot;yes&quot;,&quot;background_slideshow_slide_duration&quot;:5000,&quot;background_slideshow_slide_transition&quot;:&quot;fade&quot;,&quot;background_slideshow_transition_duration&quot;:500,&quot;background_slideshow_ken_burns_zoom_direction&quot;:&quot;in&quot;}\">\n\t\t\t\t\t<div class=\"e-con-inner\">\n\t\t\t\t<div class=\"elementor-element elementor-element-84fec17 elementor-widget__width-initial elementor-widget elementor-widget-text-editor\" data-id=\"84fec17\" data-element_type=\"widget\" data-widget_type=\"text-editor.default\">\n\t\t\t\t<div class=\"elementor-widget-container\">\n\t\t\t\t\t\t\t\t\t<p>Martijn, director: \u201cHacemos todo lo posible por asegurar que la maquinaria de nuestros clientes no est\u00e9 inactiva innecesariamente. Podemos suministrar miles de componentes que est\u00e1n disponibles en existencias. \u00bfQu\u00e9 ocurre si un componente no est\u00e1 disponible en existencias o ya no est\u00e1 a la venta? Gracias a los conocimientos y a la experiencia de nuestro equipo, nosotros mismos podemos fabricar cualquier tipo de componente. A menudo, si es necesario, el mismo d\u00eda\u201d.<\/p>\t\t\t\t\t\t\t\t<\/div>\n\t\t\t\t<\/div>\n\t\t\t\t<div class=\"elementor-element elementor-element-f300757 elementor-widget elementor-widget-button\" data-id=\"f300757\" data-element_type=\"widget\" data-widget_type=\"button.default\">\n\t\t\t\t<div class=\"elementor-widget-container\">\n\t\t\t\t\t\t\t\t\t<div class=\"elementor-button-wrapper\">\n\t\t\t\t\t<a class=\"elementor-button elementor-button-link elementor-size-sm\" href=\"https:\/\/ensa.eu\/es\/contacto\/\">\n\t\t\t\t\t\t<span class=\"elementor-button-content-wrapper\">\n\t\t\t\t\t\t\t\t\t<span class=\"elementor-button-text\">Cont\u00e1ctenos<\/span>\n\t\t\t\t\t<\/span>\n\t\t\t\t\t<\/a>\n\t\t\t\t<\/div>\n\t\t\t\t\t\t\t\t<\/div>\n\t\t\t\t<\/div>\n\t\t\t\t\t<\/div>\n\t\t\t\t<\/div>\n\t\t<div class=\"elementor-element elementor-element-dc58cbd e-con-full e-flex e-con e-parent\" data-id=\"dc58cbd\" data-element_type=\"container\">\n\t\t<div class=\"elementor-element elementor-element-6b61dac e-con-full e-flex e-con e-child\" data-id=\"6b61dac\" data-element_type=\"container\" data-settings=\"{&quot;background_background&quot;:&quot;classic&quot;}\">\n\t\t\t\t<\/div>\n\t\t<div class=\"elementor-element elementor-element-93a1124 e-con-full e-flex e-con e-child\" data-id=\"93a1124\" data-element_type=\"container\">\n\t\t\t\t<div class=\"elementor-element elementor-element-6fd7ed2 elementor-widget elementor-widget-heading\" data-id=\"6fd7ed2\" data-element_type=\"widget\" data-widget_type=\"heading.default\">\n\t\t\t\t<div class=\"elementor-widget-container\">\n\t\t\t\t\t<h2 class=\"elementor-heading-title elementor-size-default\">Componentes con codificaci\u00f3n \u00fanica<\/h2>\t\t\t\t<\/div>\n\t\t\t\t<\/div>\n\t\t\t\t<div class=\"elementor-element elementor-element-e1d6ac3 elementor-widget-divider--view-line elementor-widget elementor-widget-divider\" data-id=\"e1d6ac3\" data-element_type=\"widget\" data-widget_type=\"divider.default\">\n\t\t\t\t<div class=\"elementor-widget-container\">\n\t\t\t\t\t\t\t<div class=\"elementor-divider\">\n\t\t\t<span class=\"elementor-divider-separator\">\n\t\t\t\t\t\t<\/span>\n\t\t<\/div>\n\t\t\t\t\t\t<\/div>\n\t\t\t\t<\/div>\n\t\t\t\t<div class=\"elementor-element elementor-element-a527ac5 elementor-widget__width-inherit elementor-widget-tablet__width-inherit elementor-widget elementor-widget-text-editor\" data-id=\"a527ac5\" data-element_type=\"widget\" data-widget_type=\"text-editor.default\">\n\t\t\t\t<div class=\"elementor-widget-container\">\n\t\t\t\t\t\t\t\t\t<p>Cada componente de Ensa tiene un c\u00f3digo \u00fanico. Un m\u00e9todo simple, pero enormemente eficaz, que asegura que siempre se pide el art\u00edculo correcto. Con esta estandarizaci\u00f3n evitamos la confusi\u00f3n en su almac\u00e9n y en el nuestro, y adem\u00e1s no correr\u00e1 ning\u00fan riesgo, ya que estar\u00e1 seguro de que el componente solicitado se adapta y funciona en la m\u00e1quina en cuesti\u00f3n. Con cada m\u00e1quina de cigarros recibir\u00e1 la documentaci\u00f3n completa. En esa documentaci\u00f3n se describe exactamente c\u00f3mo funciona la m\u00e1quina, qu\u00e9 componentes hay presentes en la misma y qu\u00e9 c\u00f3digo tienen. As\u00ed sabr\u00e1 exactamente qu\u00e9 componente debe montar. Es un poderoso m\u00e9todo con el cual hacemos m\u00e1s f\u00e1cil el proceso de producci\u00f3n y mantenimiento. Adem\u00e1s, este m\u00e9todo de trabajo proporciona un (re)montaje r\u00e1pido y, por lo tanto, un mayor tiempo de funcionamiento de sus m\u00e1quinas.<\/p>\t\t\t\t\t\t\t\t<\/div>\n\t\t\t\t<\/div>\n\t\t\t\t<\/div>\n\t\t\t\t<\/div>\n\t\t<div class=\"elementor-element elementor-element-53bef1b e-flex e-con-boxed e-con e-parent\" data-id=\"53bef1b\" data-element_type=\"container\" data-settings=\"{&quot;background_background&quot;:&quot;classic&quot;}\">\n\t\t\t\t\t<div class=\"e-con-inner\">\n\t\t\t\t<div class=\"elementor-element elementor-element-9adc088 elementor-widget elementor-widget-heading\" data-id=\"9adc088\" data-element_type=\"widget\" data-widget_type=\"heading.default\">\n\t\t\t\t<div class=\"elementor-widget-container\">\n\t\t\t\t\t<h2 class=\"elementor-heading-title elementor-size-default\">\u00bfDesea obtener m\u00e1s informaci\u00f3n?<\/h2>\t\t\t\t<\/div>\n\t\t\t\t<\/div>\n\t\t\t\t<div class=\"elementor-element elementor-element-eb57604 elementor-widget__width-initial elementor-widget elementor-widget-text-editor\" data-id=\"eb57604\" data-element_type=\"widget\" data-widget_type=\"text-editor.default\">\n\t\t\t\t<div class=\"elementor-widget-container\">\n\t\t\t\t\t\t\t\t\t\u00bfQuiere conocer m\u00e1s detalles acerca de nuestro m\u00e9todo de trabajo? Estaremos encantados de cont\u00e1rselo. P\u00f3ngase en contacto con nosotros para concertar una cita sin compromiso. Un caf\u00e9 le est\u00e1 esperando.\t\t\t\t\t\t\t\t<\/div>\n\t\t\t\t<\/div>\n\t\t\t\t\t<\/div>\n\t\t\t\t<\/div>\n\t\t\t\t<\/div>\n\t\t","protected":false},"excerpt":{"rendered":"<p>Martijn, director: \u201cHacemos todo lo posible por asegurar que la maquinaria de nuestros clientes no est\u00e9 inactiva innecesariamente. Podemos suministrar miles de componentes que est\u00e1n disponibles en existencias. \u00bfQu\u00e9 ocurre si un componente no est\u00e1 disponible en existencias o ya no est\u00e1 a la venta? Gracias a los conocimientos y a la experiencia de nuestro [&hellip;]<\/p>\n","protected":false},"author":1,"featured_media":0,"parent":0,"menu_order":0,"comment_status":"closed","ping_status":"closed","template":"","meta":{"_acf_changed":false,"footnotes":""},"class_list":["post-1896","page","type-page","status-publish","hentry"],"acf":[],"yoast_head":"<!-- This site is optimized with the Yoast SEO plugin v26.6 - https:\/\/yoast.com\/wordpress\/plugins\/seo\/ -->\n<title>Fabricaci\u00f3n - Ensa Machine Bouw<\/title>\n<meta name=\"robots\" content=\"index, follow, max-snippet:-1, max-image-preview:large, max-video-preview:-1\" \/>\n<link rel=\"canonical\" href=\"https:\/\/ensa.eu\/es\/fabricacion\/\" \/>\n<meta property=\"og:locale\" content=\"es_ES\" \/>\n<meta property=\"og:type\" content=\"article\" \/>\n<meta property=\"og:title\" content=\"Fabricaci\u00f3n - Ensa Machine Bouw\" \/>\n<meta property=\"og:description\" content=\"Martijn, director: \u201cHacemos todo lo posible por asegurar que la maquinaria de nuestros clientes no est\u00e9 inactiva innecesariamente. Podemos suministrar miles de componentes que est\u00e1n disponibles en existencias. \u00bfQu\u00e9 ocurre si un componente no est\u00e1 disponible en existencias o ya no est\u00e1 a la venta? Gracias a los conocimientos y a la experiencia de nuestro [&hellip;]\" \/>\n<meta property=\"og:url\" content=\"https:\/\/ensa.eu\/es\/fabricacion\/\" \/>\n<meta property=\"og:site_name\" content=\"Ensa Machine Bouw\" \/>\n<meta property=\"article:modified_time\" content=\"2025-06-05T09:26:03+00:00\" \/>\n<meta name=\"twitter:card\" content=\"summary_large_image\" \/>\n<meta name=\"twitter:label1\" content=\"Tiempo de lectura\" \/>\n\t<meta name=\"twitter:data1\" content=\"2 minutos\" \/>\n<script type=\"application\/ld+json\" class=\"yoast-schema-graph\">{\"@context\":\"https:\/\/schema.org\",\"@graph\":[{\"@type\":\"WebPage\",\"@id\":\"https:\/\/ensa.eu\/es\/fabricacion\/\",\"url\":\"https:\/\/ensa.eu\/es\/fabricacion\/\",\"name\":\"Fabricaci\u00f3n - Ensa Machine Bouw\",\"isPartOf\":{\"@id\":\"https:\/\/ensa.eu\/#website\"},\"datePublished\":\"2025-04-17T09:51:57+00:00\",\"dateModified\":\"2025-06-05T09:26:03+00:00\",\"breadcrumb\":{\"@id\":\"https:\/\/ensa.eu\/es\/fabricacion\/#breadcrumb\"},\"inLanguage\":\"es\",\"potentialAction\":[{\"@type\":\"ReadAction\",\"target\":[\"https:\/\/ensa.eu\/es\/fabricacion\/\"]}]},{\"@type\":\"BreadcrumbList\",\"@id\":\"https:\/\/ensa.eu\/es\/fabricacion\/#breadcrumb\",\"itemListElement\":[{\"@type\":\"ListItem\",\"position\":1,\"name\":\"Home\",\"item\":\"https:\/\/ensa.eu\/es\/\"},{\"@type\":\"ListItem\",\"position\":2,\"name\":\"Fabricaci\u00f3n\"}]},{\"@type\":\"WebSite\",\"@id\":\"https:\/\/ensa.eu\/#website\",\"url\":\"https:\/\/ensa.eu\/\",\"name\":\"Ensa Machine Bouw\",\"description\":\"\",\"potentialAction\":[{\"@type\":\"SearchAction\",\"target\":{\"@type\":\"EntryPoint\",\"urlTemplate\":\"https:\/\/ensa.eu\/?s={search_term_string}\"},\"query-input\":{\"@type\":\"PropertyValueSpecification\",\"valueRequired\":true,\"valueName\":\"search_term_string\"}}],\"inLanguage\":\"es\"}]}<\/script>\n<!-- \/ Yoast SEO plugin. -->","yoast_head_json":{"title":"Fabricaci\u00f3n - Ensa Machine Bouw","robots":{"index":"index","follow":"follow","max-snippet":"max-snippet:-1","max-image-preview":"max-image-preview:large","max-video-preview":"max-video-preview:-1"},"canonical":"https:\/\/ensa.eu\/es\/fabricacion\/","og_locale":"es_ES","og_type":"article","og_title":"Fabricaci\u00f3n - Ensa Machine Bouw","og_description":"Martijn, director: \u201cHacemos todo lo posible por asegurar que la maquinaria de nuestros clientes no est\u00e9 inactiva innecesariamente. Podemos suministrar miles de componentes que est\u00e1n disponibles en existencias. \u00bfQu\u00e9 ocurre si un componente no est\u00e1 disponible en existencias o ya no est\u00e1 a la venta? Gracias a los conocimientos y a la experiencia de nuestro [&hellip;]","og_url":"https:\/\/ensa.eu\/es\/fabricacion\/","og_site_name":"Ensa Machine Bouw","article_modified_time":"2025-06-05T09:26:03+00:00","twitter_card":"summary_large_image","twitter_misc":{"Tiempo de lectura":"2 minutos"},"schema":{"@context":"https:\/\/schema.org","@graph":[{"@type":"WebPage","@id":"https:\/\/ensa.eu\/es\/fabricacion\/","url":"https:\/\/ensa.eu\/es\/fabricacion\/","name":"Fabricaci\u00f3n - Ensa Machine Bouw","isPartOf":{"@id":"https:\/\/ensa.eu\/#website"},"datePublished":"2025-04-17T09:51:57+00:00","dateModified":"2025-06-05T09:26:03+00:00","breadcrumb":{"@id":"https:\/\/ensa.eu\/es\/fabricacion\/#breadcrumb"},"inLanguage":"es","potentialAction":[{"@type":"ReadAction","target":["https:\/\/ensa.eu\/es\/fabricacion\/"]}]},{"@type":"BreadcrumbList","@id":"https:\/\/ensa.eu\/es\/fabricacion\/#breadcrumb","itemListElement":[{"@type":"ListItem","position":1,"name":"Home","item":"https:\/\/ensa.eu\/es\/"},{"@type":"ListItem","position":2,"name":"Fabricaci\u00f3n"}]},{"@type":"WebSite","@id":"https:\/\/ensa.eu\/#website","url":"https:\/\/ensa.eu\/","name":"Ensa Machine Bouw","description":"","potentialAction":[{"@type":"SearchAction","target":{"@type":"EntryPoint","urlTemplate":"https:\/\/ensa.eu\/?s={search_term_string}"},"query-input":{"@type":"PropertyValueSpecification","valueRequired":true,"valueName":"search_term_string"}}],"inLanguage":"es"}]}},"_links":{"self":[{"href":"https:\/\/ensa.eu\/es\/wp-json\/wp\/v2\/pages\/1896","targetHints":{"allow":["GET"]}}],"collection":[{"href":"https:\/\/ensa.eu\/es\/wp-json\/wp\/v2\/pages"}],"about":[{"href":"https:\/\/ensa.eu\/es\/wp-json\/wp\/v2\/types\/page"}],"author":[{"embeddable":true,"href":"https:\/\/ensa.eu\/es\/wp-json\/wp\/v2\/users\/1"}],"replies":[{"embeddable":true,"href":"https:\/\/ensa.eu\/es\/wp-json\/wp\/v2\/comments?post=1896"}],"version-history":[{"count":7,"href":"https:\/\/ensa.eu\/es\/wp-json\/wp\/v2\/pages\/1896\/revisions"}],"predecessor-version":[{"id":1903,"href":"https:\/\/ensa.eu\/es\/wp-json\/wp\/v2\/pages\/1896\/revisions\/1903"}],"wp:attachment":[{"href":"https:\/\/ensa.eu\/es\/wp-json\/wp\/v2\/media?parent=1896"}],"curies":[{"name":"wp","href":"https:\/\/api.w.org\/{rel}","templated":true}]}}