{"id":1880,"date":"2025-04-17T11:10:27","date_gmt":"2025-04-17T09:10:27","guid":{"rendered":"https:\/\/ensa.jklanten.nl\/montaje-ensayo\/"},"modified":"2025-06-05T11:02:37","modified_gmt":"2025-06-05T09:02:37","slug":"montaje-ensayo","status":"publish","type":"page","link":"https:\/\/ensa.eu\/es\/montaje-ensayo\/","title":{"rendered":"Montaje\/Ensayo"},"content":{"rendered":"\t\t<div data-elementor-type=\"wp-page\" data-elementor-id=\"1880\" class=\"elementor elementor-1880 elementor-930\" data-elementor-post-type=\"page\">\n\t\t\t\t<div class=\"elementor-element elementor-element-1d15a11 e-flex e-con-boxed e-con e-parent\" data-id=\"1d15a11\" data-element_type=\"container\" data-settings=\"{&quot;background_background&quot;:&quot;slideshow&quot;,&quot;background_slideshow_gallery&quot;:[{&quot;id&quot;:1779,&quot;url&quot;:&quot;https:\\\/\\\/ensa.eu\\\/wp-content\\\/uploads\\\/2025\\\/05\\\/paralax-Assembly-Testing-scaled.jpg&quot;},{&quot;id&quot;:23,&quot;url&quot;:&quot;https:\\\/\\\/ensa.eu\\\/wp-content\\\/uploads\\\/2025\\\/02\\\/ensa-machinebouw-homepage-slide-4.jpg&quot;}],&quot;background_slideshow_ken_burns&quot;:&quot;yes&quot;,&quot;background_slideshow_loop&quot;:&quot;yes&quot;,&quot;background_slideshow_slide_duration&quot;:5000,&quot;background_slideshow_slide_transition&quot;:&quot;fade&quot;,&quot;background_slideshow_transition_duration&quot;:500,&quot;background_slideshow_ken_burns_zoom_direction&quot;:&quot;in&quot;}\">\n\t\t\t\t\t<div class=\"e-con-inner\">\n\t\t\t\t<div class=\"elementor-element elementor-element-90de911 elementor-widget elementor-widget-heading\" data-id=\"90de911\" data-element_type=\"widget\" data-widget_type=\"heading.default\">\n\t\t\t\t<div class=\"elementor-widget-container\">\n\t\t\t\t\t<h1 class=\"elementor-heading-title elementor-size-default\">Pruebas con el tabaco que usted utiliza<\/h1>\t\t\t\t<\/div>\n\t\t\t\t<\/div>\n\t\t\t\t<div class=\"elementor-element elementor-element-02d4415 elementor-widget__width-initial elementor-widget elementor-widget-text-editor\" data-id=\"02d4415\" data-element_type=\"widget\" data-widget_type=\"text-editor.default\">\n\t\t\t\t<div class=\"elementor-widget-container\">\n\t\t\t\t\t\t\t\t\t<p>Margriet, directora: \u201cEl tabaco es un producto natural por lo que las pruebas son particularmente dif\u00edciles. Pero nos gustan los desaf\u00edos. De nuestra f\u00e1brica no sale ninguna m\u00e1quina o pedido sin que se haya probado antes. Esto es algo que siempre hacemos usando el tabaco del cliente. Las pruebas le ofrecen la seguridad de que, despu\u00e9s de la entrega, podr\u00e1 producir cigarros perfectos en un instante\u201d.<\/p>\t\t\t\t\t\t\t\t<\/div>\n\t\t\t\t<\/div>\n\t\t\t\t<div class=\"elementor-element elementor-element-c6a27ce elementor-widget elementor-widget-button\" data-id=\"c6a27ce\" data-element_type=\"widget\" data-widget_type=\"button.default\">\n\t\t\t\t<div class=\"elementor-widget-container\">\n\t\t\t\t\t\t\t\t\t<div class=\"elementor-button-wrapper\">\n\t\t\t\t\t<a class=\"elementor-button elementor-button-link elementor-size-sm\" href=\"https:\/\/ensa.eu\/es\/contacto\/\">\n\t\t\t\t\t\t<span class=\"elementor-button-content-wrapper\">\n\t\t\t\t\t\t\t\t\t<span class=\"elementor-button-text\">Cont\u00e1ctenos<\/span>\n\t\t\t\t\t<\/span>\n\t\t\t\t\t<\/a>\n\t\t\t\t<\/div>\n\t\t\t\t\t\t\t\t<\/div>\n\t\t\t\t<\/div>\n\t\t\t\t\t<\/div>\n\t\t\t\t<\/div>\n\t\t<div class=\"elementor-element elementor-element-3c40ec6 e-con-full e-flex e-con e-parent\" data-id=\"3c40ec6\" data-element_type=\"container\">\n\t\t<div class=\"elementor-element elementor-element-0cb22eb e-con-full e-flex e-con e-child\" data-id=\"0cb22eb\" data-element_type=\"container\" data-settings=\"{&quot;background_background&quot;:&quot;classic&quot;}\">\n\t\t\t\t<\/div>\n\t\t<div class=\"elementor-element elementor-element-c305f5e e-con-full e-flex e-con e-child\" data-id=\"c305f5e\" data-element_type=\"container\">\n\t\t\t\t<div class=\"elementor-element elementor-element-0d9e878 elementor-widget elementor-widget-heading\" data-id=\"0d9e878\" data-element_type=\"widget\" data-widget_type=\"heading.default\">\n\t\t\t\t<div class=\"elementor-widget-container\">\n\t\t\t\t\t<h2 class=\"elementor-heading-title elementor-size-default\">Producci\u00f3n en medio d\u00eda<\/h2>\t\t\t\t<\/div>\n\t\t\t\t<\/div>\n\t\t\t\t<div class=\"elementor-element elementor-element-b1295af elementor-widget-divider--view-line elementor-widget elementor-widget-divider\" data-id=\"b1295af\" data-element_type=\"widget\" data-widget_type=\"divider.default\">\n\t\t\t\t<div class=\"elementor-widget-container\">\n\t\t\t\t\t\t\t<div class=\"elementor-divider\">\n\t\t\t<span class=\"elementor-divider-separator\">\n\t\t\t\t\t\t<\/span>\n\t\t<\/div>\n\t\t\t\t\t\t<\/div>\n\t\t\t\t<\/div>\n\t\t\t\t<div class=\"elementor-element elementor-element-7211df9 elementor-widget__width-inherit elementor-widget-tablet__width-inherit elementor-widget elementor-widget-text-editor\" data-id=\"7211df9\" data-element_type=\"widget\" data-widget_type=\"text-editor.default\">\n\t\t\t\t<div class=\"elementor-widget-container\">\n\t\t\t\t\t\t\t\t\t<p>\u00bfEst\u00e1 acostumbrado a esperar mucho antes de que su nueva m\u00e1quina produzca cigarros que cumplan sus requisitos de calidad? No con nuestras m\u00e1quinas. Nuestro objetivo es ofrecer un producto \u201cplug and play\u201d (conectar y usar): usted conecta el enchufe y obtendr\u00e1 directamente un buen producto. Nuestros t\u00e9cnicos le asegurar\u00e1n que, en tan solo medio d\u00eda, su m\u00e1quina Ensa funcione y produzca a pleno rendimiento y sin problemas. Casi podr\u00e1 encender el primer cigarro que salga de la cinta, antes de darse cuenta de la perfecci\u00f3n del proceso.<\/p>\t\t\t\t\t\t\t\t<\/div>\n\t\t\t\t<\/div>\n\t\t\t\t<\/div>\n\t\t\t\t<\/div>\n\t\t<div class=\"elementor-element elementor-element-f00da15 e-flex e-con-boxed e-con e-parent\" data-id=\"f00da15\" data-element_type=\"container\" data-settings=\"{&quot;background_background&quot;:&quot;classic&quot;}\">\n\t\t\t\t\t<div class=\"e-con-inner\">\n\t\t\t\t<div class=\"elementor-element elementor-element-68b1f12 elementor-widget elementor-widget-heading\" data-id=\"68b1f12\" data-element_type=\"widget\" data-widget_type=\"heading.default\">\n\t\t\t\t<div class=\"elementor-widget-container\">\n\t\t\t\t\t<h2 class=\"elementor-heading-title elementor-size-default\">\u00bfQuiere experimentarlo personalmente?<\/h2>\t\t\t\t<\/div>\n\t\t\t\t<\/div>\n\t\t\t\t<div class=\"elementor-element elementor-element-5cfa818 elementor-widget__width-initial elementor-widget elementor-widget-text-editor\" data-id=\"5cfa818\" data-element_type=\"widget\" data-widget_type=\"text-editor.default\">\n\t\t\t\t<div class=\"elementor-widget-container\">\n\t\t\t\t\t\t\t\t\tGarantizamos nuestras m\u00e1quinas m\u00e1s que al 100% y creemos que nuestra calidad le convencer\u00e1. P\u00f3ngase en contacto con nosotros si desea hacer pruebas con una de nuestras m\u00e1quinas en sus instalaciones.\t\t\t\t\t\t\t\t<\/div>\n\t\t\t\t<\/div>\n\t\t\t\t\t<\/div>\n\t\t\t\t<\/div>\n\t\t\t\t<\/div>\n\t\t","protected":false},"excerpt":{"rendered":"<p>Pruebas con el tabaco que usted utiliza Margriet, directora: \u201cEl tabaco es un producto natural por lo que las pruebas son particularmente dif\u00edciles. Pero nos gustan los desaf\u00edos. De nuestra f\u00e1brica no sale ninguna m\u00e1quina o pedido sin que se haya probado antes. Esto es algo que siempre hacemos usando el tabaco del cliente. Las [&hellip;]<\/p>\n","protected":false},"author":1,"featured_media":0,"parent":0,"menu_order":0,"comment_status":"closed","ping_status":"closed","template":"","meta":{"_acf_changed":false,"footnotes":""},"class_list":["post-1880","page","type-page","status-publish","hentry"],"acf":[],"yoast_head":"<!-- This site is optimized with the Yoast SEO plugin v26.6 - https:\/\/yoast.com\/wordpress\/plugins\/seo\/ -->\n<title>Montaje\/Ensayo - Ensa Machine Bouw<\/title>\n<meta name=\"robots\" content=\"index, follow, max-snippet:-1, max-image-preview:large, max-video-preview:-1\" \/>\n<link rel=\"canonical\" href=\"https:\/\/ensa.eu\/es\/montaje-ensayo\/\" \/>\n<meta property=\"og:locale\" content=\"es_ES\" \/>\n<meta property=\"og:type\" content=\"article\" \/>\n<meta property=\"og:title\" content=\"Montaje\/Ensayo - Ensa Machine Bouw\" \/>\n<meta property=\"og:description\" content=\"Pruebas con el tabaco que usted utiliza Margriet, directora: \u201cEl tabaco es un producto natural por lo que las pruebas son particularmente dif\u00edciles. Pero nos gustan los desaf\u00edos. De nuestra f\u00e1brica no sale ninguna m\u00e1quina o pedido sin que se haya probado antes. Esto es algo que siempre hacemos usando el tabaco del cliente. Las [&hellip;]\" \/>\n<meta property=\"og:url\" content=\"https:\/\/ensa.eu\/es\/montaje-ensayo\/\" \/>\n<meta property=\"og:site_name\" content=\"Ensa Machine Bouw\" \/>\n<meta property=\"article:modified_time\" content=\"2025-06-05T09:02:37+00:00\" \/>\n<meta name=\"twitter:card\" content=\"summary_large_image\" \/>\n<meta name=\"twitter:label1\" content=\"Tiempo de lectura\" \/>\n\t<meta name=\"twitter:data1\" content=\"1 minuto\" \/>\n<script type=\"application\/ld+json\" class=\"yoast-schema-graph\">{\"@context\":\"https:\/\/schema.org\",\"@graph\":[{\"@type\":\"WebPage\",\"@id\":\"https:\/\/ensa.eu\/es\/montaje-ensayo\/\",\"url\":\"https:\/\/ensa.eu\/es\/montaje-ensayo\/\",\"name\":\"Montaje\/Ensayo - Ensa Machine Bouw\",\"isPartOf\":{\"@id\":\"https:\/\/ensa.eu\/#website\"},\"datePublished\":\"2025-04-17T09:10:27+00:00\",\"dateModified\":\"2025-06-05T09:02:37+00:00\",\"breadcrumb\":{\"@id\":\"https:\/\/ensa.eu\/es\/montaje-ensayo\/#breadcrumb\"},\"inLanguage\":\"es\",\"potentialAction\":[{\"@type\":\"ReadAction\",\"target\":[\"https:\/\/ensa.eu\/es\/montaje-ensayo\/\"]}]},{\"@type\":\"BreadcrumbList\",\"@id\":\"https:\/\/ensa.eu\/es\/montaje-ensayo\/#breadcrumb\",\"itemListElement\":[{\"@type\":\"ListItem\",\"position\":1,\"name\":\"Home\",\"item\":\"https:\/\/ensa.eu\/es\/\"},{\"@type\":\"ListItem\",\"position\":2,\"name\":\"Montaje\/Ensayo\"}]},{\"@type\":\"WebSite\",\"@id\":\"https:\/\/ensa.eu\/#website\",\"url\":\"https:\/\/ensa.eu\/\",\"name\":\"Ensa Machine Bouw\",\"description\":\"\",\"potentialAction\":[{\"@type\":\"SearchAction\",\"target\":{\"@type\":\"EntryPoint\",\"urlTemplate\":\"https:\/\/ensa.eu\/?s={search_term_string}\"},\"query-input\":{\"@type\":\"PropertyValueSpecification\",\"valueRequired\":true,\"valueName\":\"search_term_string\"}}],\"inLanguage\":\"es\"}]}<\/script>\n<!-- \/ Yoast SEO plugin. -->","yoast_head_json":{"title":"Montaje\/Ensayo - Ensa Machine Bouw","robots":{"index":"index","follow":"follow","max-snippet":"max-snippet:-1","max-image-preview":"max-image-preview:large","max-video-preview":"max-video-preview:-1"},"canonical":"https:\/\/ensa.eu\/es\/montaje-ensayo\/","og_locale":"es_ES","og_type":"article","og_title":"Montaje\/Ensayo - Ensa Machine Bouw","og_description":"Pruebas con el tabaco que usted utiliza Margriet, directora: \u201cEl tabaco es un producto natural por lo que las pruebas son particularmente dif\u00edciles. Pero nos gustan los desaf\u00edos. De nuestra f\u00e1brica no sale ninguna m\u00e1quina o pedido sin que se haya probado antes. Esto es algo que siempre hacemos usando el tabaco del cliente. Las [&hellip;]","og_url":"https:\/\/ensa.eu\/es\/montaje-ensayo\/","og_site_name":"Ensa Machine Bouw","article_modified_time":"2025-06-05T09:02:37+00:00","twitter_card":"summary_large_image","twitter_misc":{"Tiempo de lectura":"1 minuto"},"schema":{"@context":"https:\/\/schema.org","@graph":[{"@type":"WebPage","@id":"https:\/\/ensa.eu\/es\/montaje-ensayo\/","url":"https:\/\/ensa.eu\/es\/montaje-ensayo\/","name":"Montaje\/Ensayo - Ensa Machine Bouw","isPartOf":{"@id":"https:\/\/ensa.eu\/#website"},"datePublished":"2025-04-17T09:10:27+00:00","dateModified":"2025-06-05T09:02:37+00:00","breadcrumb":{"@id":"https:\/\/ensa.eu\/es\/montaje-ensayo\/#breadcrumb"},"inLanguage":"es","potentialAction":[{"@type":"ReadAction","target":["https:\/\/ensa.eu\/es\/montaje-ensayo\/"]}]},{"@type":"BreadcrumbList","@id":"https:\/\/ensa.eu\/es\/montaje-ensayo\/#breadcrumb","itemListElement":[{"@type":"ListItem","position":1,"name":"Home","item":"https:\/\/ensa.eu\/es\/"},{"@type":"ListItem","position":2,"name":"Montaje\/Ensayo"}]},{"@type":"WebSite","@id":"https:\/\/ensa.eu\/#website","url":"https:\/\/ensa.eu\/","name":"Ensa Machine Bouw","description":"","potentialAction":[{"@type":"SearchAction","target":{"@type":"EntryPoint","urlTemplate":"https:\/\/ensa.eu\/?s={search_term_string}"},"query-input":{"@type":"PropertyValueSpecification","valueRequired":true,"valueName":"search_term_string"}}],"inLanguage":"es"}]}},"_links":{"self":[{"href":"https:\/\/ensa.eu\/es\/wp-json\/wp\/v2\/pages\/1880","targetHints":{"allow":["GET"]}}],"collection":[{"href":"https:\/\/ensa.eu\/es\/wp-json\/wp\/v2\/pages"}],"about":[{"href":"https:\/\/ensa.eu\/es\/wp-json\/wp\/v2\/types\/page"}],"author":[{"embeddable":true,"href":"https:\/\/ensa.eu\/es\/wp-json\/wp\/v2\/users\/1"}],"replies":[{"embeddable":true,"href":"https:\/\/ensa.eu\/es\/wp-json\/wp\/v2\/comments?post=1880"}],"version-history":[{"count":7,"href":"https:\/\/ensa.eu\/es\/wp-json\/wp\/v2\/pages\/1880\/revisions"}],"predecessor-version":[{"id":1893,"href":"https:\/\/ensa.eu\/es\/wp-json\/wp\/v2\/pages\/1880\/revisions\/1893"}],"wp:attachment":[{"href":"https:\/\/ensa.eu\/es\/wp-json\/wp\/v2\/media?parent=1880"}],"curies":[{"name":"wp","href":"https:\/\/api.w.org\/{rel}","templated":true}]}}