{"id":1878,"date":"2025-04-16T15:11:23","date_gmt":"2025-04-16T13:11:23","guid":{"rendered":"https:\/\/ensa.jklanten.nl\/ingenieria-id\/"},"modified":"2025-06-05T11:01:19","modified_gmt":"2025-06-05T09:01:19","slug":"ingenieria-id","status":"publish","type":"page","link":"https:\/\/ensa.eu\/es\/ingenieria-id\/","title":{"rendered":"Ingenier\u00eda\/I+D"},"content":{"rendered":"\t\t<div data-elementor-type=\"wp-page\" data-elementor-id=\"1878\" class=\"elementor elementor-1878 elementor-806\" data-elementor-post-type=\"page\">\n\t\t\t\t<div class=\"elementor-element elementor-element-1e9bec4 e-flex e-con-boxed e-con e-parent\" data-id=\"1e9bec4\" data-element_type=\"container\" data-settings=\"{&quot;background_background&quot;:&quot;slideshow&quot;,&quot;background_slideshow_gallery&quot;:[{&quot;id&quot;:23,&quot;url&quot;:&quot;https:\\\/\\\/ensa.eu\\\/wp-content\\\/uploads\\\/2025\\\/02\\\/ensa-machinebouw-homepage-slide-4.jpg&quot;},{&quot;id&quot;:22,&quot;url&quot;:&quot;https:\\\/\\\/ensa.eu\\\/wp-content\\\/uploads\\\/2025\\\/02\\\/ensa-machinebouw-homepage-slide-3.jpg&quot;}],&quot;background_slideshow_ken_burns&quot;:&quot;yes&quot;,&quot;background_slideshow_loop&quot;:&quot;yes&quot;,&quot;background_slideshow_slide_duration&quot;:5000,&quot;background_slideshow_slide_transition&quot;:&quot;fade&quot;,&quot;background_slideshow_transition_duration&quot;:500,&quot;background_slideshow_ken_burns_zoom_direction&quot;:&quot;in&quot;}\">\n\t\t\t\t\t<div class=\"e-con-inner\">\n\t\t\t\t<div class=\"elementor-element elementor-element-3146c9f elementor-widget__width-initial elementor-widget elementor-widget-text-editor\" data-id=\"3146c9f\" data-element_type=\"widget\" data-widget_type=\"text-editor.default\">\n\t\t\t\t<div class=\"elementor-widget-container\">\n\t\t\t\t\t\t\t\t\t<p>Harrie, fundador: \u201cMe gustan las m\u00e1quinas de cigarros y la tecnolog\u00eda que las impulsa. He visto c\u00f3mo ha progresado la industria, desde los cigarros hechos a mano hasta las m\u00e1quinas m\u00e1s modernas. Mi curiosidad me llev\u00f3 a desmontar m\u00e1quinas y a mejorarlas.\u00bb<\/p>\t\t\t\t\t\t\t\t<\/div>\n\t\t\t\t<\/div>\n\t\t\t\t<div class=\"elementor-element elementor-element-a1d9008 elementor-widget elementor-widget-button\" data-id=\"a1d9008\" data-element_type=\"widget\" data-widget_type=\"button.default\">\n\t\t\t\t<div class=\"elementor-widget-container\">\n\t\t\t\t\t\t\t\t\t<div class=\"elementor-button-wrapper\">\n\t\t\t\t\t<a class=\"elementor-button elementor-button-link elementor-size-sm\" href=\"https:\/\/ensa.eu\/es\/contacto\/\">\n\t\t\t\t\t\t<span class=\"elementor-button-content-wrapper\">\n\t\t\t\t\t\t\t\t\t<span class=\"elementor-button-text\">Cont\u00e1ctenos<\/span>\n\t\t\t\t\t<\/span>\n\t\t\t\t\t<\/a>\n\t\t\t\t<\/div>\n\t\t\t\t\t\t\t\t<\/div>\n\t\t\t\t<\/div>\n\t\t\t\t\t<\/div>\n\t\t\t\t<\/div>\n\t\t<div class=\"elementor-element elementor-element-54789ae e-con-full e-flex e-con e-parent\" data-id=\"54789ae\" data-element_type=\"container\">\n\t\t<div class=\"elementor-element elementor-element-1071a2e e-con-full e-flex e-con e-child\" data-id=\"1071a2e\" data-element_type=\"container\" data-settings=\"{&quot;background_background&quot;:&quot;classic&quot;}\">\n\t\t\t\t<\/div>\n\t\t<div class=\"elementor-element elementor-element-e1ba6b4 e-con-full e-flex e-con e-child\" data-id=\"e1ba6b4\" data-element_type=\"container\">\n\t\t\t\t<div class=\"elementor-element elementor-element-2df6cbb elementor-widget elementor-widget-heading\" data-id=\"2df6cbb\" data-element_type=\"widget\" data-widget_type=\"heading.default\">\n\t\t\t\t<div class=\"elementor-widget-container\">\n\t\t\t\t\t<h2 class=\"elementor-heading-title elementor-size-default\">Solo la perfecci\u00f3n es suficiente<\/h2>\t\t\t\t<\/div>\n\t\t\t\t<\/div>\n\t\t\t\t<div class=\"elementor-element elementor-element-1c23a3a elementor-widget-divider--view-line elementor-widget elementor-widget-divider\" data-id=\"1c23a3a\" data-element_type=\"widget\" data-widget_type=\"divider.default\">\n\t\t\t\t<div class=\"elementor-widget-container\">\n\t\t\t\t\t\t\t<div class=\"elementor-divider\">\n\t\t\t<span class=\"elementor-divider-separator\">\n\t\t\t\t\t\t<\/span>\n\t\t<\/div>\n\t\t\t\t\t\t<\/div>\n\t\t\t\t<\/div>\n\t\t\t\t<div class=\"elementor-element elementor-element-0a47667 elementor-widget__width-inherit elementor-widget-tablet__width-inherit elementor-widget elementor-widget-text-editor\" data-id=\"0a47667\" data-element_type=\"widget\" data-widget_type=\"text-editor.default\">\n\t\t\t\t<div class=\"elementor-widget-container\">\n\t\t\t\t\t\t\t\t\t<p>Esa motivaci\u00f3n de Harrie forma parte del esp\u00edritu de Ensa. Un componente cuesta dinero, tambi\u00e9n su sustituci\u00f3n y el tiempo de inactividad de la m\u00e1quina. Creemos en el lema: m\u00e1s vale prevenir que curar. Por lo tanto, la pregunta que nos hacemos todos los d\u00edas es la de c\u00f3mo podemos hacer que nuestras m\u00e1quinas sean m\u00e1s r\u00e1pidas y duraderas, y c\u00f3mo podemos reducir el desgaste. Vamos a investigar c\u00f3mo podemos reducir a\u00fan m\u00e1s los costes de mantenimiento y los porcentajes de error, y vamos a aumentar el tiempo de actividad de nuestras m\u00e1quinas. En este sentido, tambi\u00e9n puede contar con soluciones de calidad por nuestra parte.<\/p>\t\t\t\t\t\t\t\t<\/div>\n\t\t\t\t<\/div>\n\t\t\t\t<\/div>\n\t\t\t\t<\/div>\n\t\t<div class=\"elementor-element elementor-element-17a7b1e e-flex e-con-boxed e-con e-parent\" data-id=\"17a7b1e\" data-element_type=\"container\" data-settings=\"{&quot;background_background&quot;:&quot;classic&quot;}\">\n\t\t\t\t\t<div class=\"e-con-inner\">\n\t\t\t\t<div class=\"elementor-element elementor-element-7e3571b elementor-widget elementor-widget-heading\" data-id=\"7e3571b\" data-element_type=\"widget\" data-widget_type=\"heading.default\">\n\t\t\t\t<div class=\"elementor-widget-container\">\n\t\t\t\t\t<h2 class=\"elementor-heading-title elementor-size-default\">Sus comentarios son bienvenidos<\/h2>\t\t\t\t<\/div>\n\t\t\t\t<\/div>\n\t\t\t\t<div class=\"elementor-element elementor-element-2a91308 elementor-widget__width-initial elementor-widget elementor-widget-text-editor\" data-id=\"2a91308\" data-element_type=\"widget\" data-widget_type=\"text-editor.default\">\n\t\t\t\t<div class=\"elementor-widget-container\">\n\t\t\t\t\t\t\t\t\tSu opini\u00f3n y la de nuestros t\u00e9cnicos es indispensable en el proceso de mejora. \u00bfTiene alguna sugerencia? Hable con uno de nuestros t\u00e9cnicos cualificados y experimentados en su empresa o inf\u00f3rmenos por tel\u00e9fono o por correo electr\u00f3nico. \u00a1Pensamos en soluciones junto con usted!\t\t\t\t\t\t\t\t<\/div>\n\t\t\t\t<\/div>\n\t\t\t\t\t<\/div>\n\t\t\t\t<\/div>\n\t\t\t\t<\/div>\n\t\t","protected":false},"excerpt":{"rendered":"<p>Harrie, fundador: \u201cMe gustan las m\u00e1quinas de cigarros y la tecnolog\u00eda que las impulsa. He visto c\u00f3mo ha progresado la industria, desde los cigarros hechos a mano hasta las m\u00e1quinas m\u00e1s modernas. Mi curiosidad me llev\u00f3 a desmontar m\u00e1quinas y a mejorarlas.\u00bb Cont\u00e1ctenos Solo la perfecci\u00f3n es suficiente Esa motivaci\u00f3n de Harrie forma parte del [&hellip;]<\/p>\n","protected":false},"author":1,"featured_media":0,"parent":0,"menu_order":0,"comment_status":"closed","ping_status":"closed","template":"","meta":{"_acf_changed":false,"footnotes":""},"class_list":["post-1878","page","type-page","status-publish","hentry"],"acf":[],"yoast_head":"<!-- This site is optimized with the Yoast SEO plugin v26.6 - https:\/\/yoast.com\/wordpress\/plugins\/seo\/ -->\n<title>Ingenier\u00eda\/I+D - Ensa Machine Bouw<\/title>\n<meta name=\"robots\" content=\"index, follow, max-snippet:-1, max-image-preview:large, max-video-preview:-1\" \/>\n<link rel=\"canonical\" href=\"https:\/\/ensa.eu\/es\/ingenieria-id\/\" \/>\n<meta property=\"og:locale\" content=\"es_ES\" \/>\n<meta property=\"og:type\" content=\"article\" \/>\n<meta property=\"og:title\" content=\"Ingenier\u00eda\/I+D - Ensa Machine Bouw\" \/>\n<meta property=\"og:description\" content=\"Harrie, fundador: \u201cMe gustan las m\u00e1quinas de cigarros y la tecnolog\u00eda que las impulsa. He visto c\u00f3mo ha progresado la industria, desde los cigarros hechos a mano hasta las m\u00e1quinas m\u00e1s modernas. Mi curiosidad me llev\u00f3 a desmontar m\u00e1quinas y a mejorarlas.\u00bb Cont\u00e1ctenos Solo la perfecci\u00f3n es suficiente Esa motivaci\u00f3n de Harrie forma parte del [&hellip;]\" \/>\n<meta property=\"og:url\" content=\"https:\/\/ensa.eu\/es\/ingenieria-id\/\" \/>\n<meta property=\"og:site_name\" content=\"Ensa Machine Bouw\" \/>\n<meta property=\"article:modified_time\" content=\"2025-06-05T09:01:19+00:00\" \/>\n<meta name=\"twitter:card\" content=\"summary_large_image\" \/>\n<meta name=\"twitter:label1\" content=\"Tiempo de lectura\" \/>\n\t<meta name=\"twitter:data1\" content=\"1 minuto\" \/>\n<script type=\"application\/ld+json\" class=\"yoast-schema-graph\">{\"@context\":\"https:\/\/schema.org\",\"@graph\":[{\"@type\":\"WebPage\",\"@id\":\"https:\/\/ensa.eu\/es\/ingenieria-id\/\",\"url\":\"https:\/\/ensa.eu\/es\/ingenieria-id\/\",\"name\":\"Ingenier\u00eda\/I+D - Ensa Machine Bouw\",\"isPartOf\":{\"@id\":\"https:\/\/ensa.eu\/#website\"},\"datePublished\":\"2025-04-16T13:11:23+00:00\",\"dateModified\":\"2025-06-05T09:01:19+00:00\",\"breadcrumb\":{\"@id\":\"https:\/\/ensa.eu\/es\/ingenieria-id\/#breadcrumb\"},\"inLanguage\":\"es\",\"potentialAction\":[{\"@type\":\"ReadAction\",\"target\":[\"https:\/\/ensa.eu\/es\/ingenieria-id\/\"]}]},{\"@type\":\"BreadcrumbList\",\"@id\":\"https:\/\/ensa.eu\/es\/ingenieria-id\/#breadcrumb\",\"itemListElement\":[{\"@type\":\"ListItem\",\"position\":1,\"name\":\"Home\",\"item\":\"https:\/\/ensa.eu\/es\/\"},{\"@type\":\"ListItem\",\"position\":2,\"name\":\"Ingenier\u00eda\/I+D\"}]},{\"@type\":\"WebSite\",\"@id\":\"https:\/\/ensa.eu\/#website\",\"url\":\"https:\/\/ensa.eu\/\",\"name\":\"Ensa Machine Bouw\",\"description\":\"\",\"potentialAction\":[{\"@type\":\"SearchAction\",\"target\":{\"@type\":\"EntryPoint\",\"urlTemplate\":\"https:\/\/ensa.eu\/?s={search_term_string}\"},\"query-input\":{\"@type\":\"PropertyValueSpecification\",\"valueRequired\":true,\"valueName\":\"search_term_string\"}}],\"inLanguage\":\"es\"}]}<\/script>\n<!-- \/ Yoast SEO plugin. -->","yoast_head_json":{"title":"Ingenier\u00eda\/I+D - Ensa Machine Bouw","robots":{"index":"index","follow":"follow","max-snippet":"max-snippet:-1","max-image-preview":"max-image-preview:large","max-video-preview":"max-video-preview:-1"},"canonical":"https:\/\/ensa.eu\/es\/ingenieria-id\/","og_locale":"es_ES","og_type":"article","og_title":"Ingenier\u00eda\/I+D - Ensa Machine Bouw","og_description":"Harrie, fundador: \u201cMe gustan las m\u00e1quinas de cigarros y la tecnolog\u00eda que las impulsa. He visto c\u00f3mo ha progresado la industria, desde los cigarros hechos a mano hasta las m\u00e1quinas m\u00e1s modernas. Mi curiosidad me llev\u00f3 a desmontar m\u00e1quinas y a mejorarlas.\u00bb Cont\u00e1ctenos Solo la perfecci\u00f3n es suficiente Esa motivaci\u00f3n de Harrie forma parte del [&hellip;]","og_url":"https:\/\/ensa.eu\/es\/ingenieria-id\/","og_site_name":"Ensa Machine Bouw","article_modified_time":"2025-06-05T09:01:19+00:00","twitter_card":"summary_large_image","twitter_misc":{"Tiempo de lectura":"1 minuto"},"schema":{"@context":"https:\/\/schema.org","@graph":[{"@type":"WebPage","@id":"https:\/\/ensa.eu\/es\/ingenieria-id\/","url":"https:\/\/ensa.eu\/es\/ingenieria-id\/","name":"Ingenier\u00eda\/I+D - Ensa Machine Bouw","isPartOf":{"@id":"https:\/\/ensa.eu\/#website"},"datePublished":"2025-04-16T13:11:23+00:00","dateModified":"2025-06-05T09:01:19+00:00","breadcrumb":{"@id":"https:\/\/ensa.eu\/es\/ingenieria-id\/#breadcrumb"},"inLanguage":"es","potentialAction":[{"@type":"ReadAction","target":["https:\/\/ensa.eu\/es\/ingenieria-id\/"]}]},{"@type":"BreadcrumbList","@id":"https:\/\/ensa.eu\/es\/ingenieria-id\/#breadcrumb","itemListElement":[{"@type":"ListItem","position":1,"name":"Home","item":"https:\/\/ensa.eu\/es\/"},{"@type":"ListItem","position":2,"name":"Ingenier\u00eda\/I+D"}]},{"@type":"WebSite","@id":"https:\/\/ensa.eu\/#website","url":"https:\/\/ensa.eu\/","name":"Ensa Machine Bouw","description":"","potentialAction":[{"@type":"SearchAction","target":{"@type":"EntryPoint","urlTemplate":"https:\/\/ensa.eu\/?s={search_term_string}"},"query-input":{"@type":"PropertyValueSpecification","valueRequired":true,"valueName":"search_term_string"}}],"inLanguage":"es"}]}},"_links":{"self":[{"href":"https:\/\/ensa.eu\/es\/wp-json\/wp\/v2\/pages\/1878","targetHints":{"allow":["GET"]}}],"collection":[{"href":"https:\/\/ensa.eu\/es\/wp-json\/wp\/v2\/pages"}],"about":[{"href":"https:\/\/ensa.eu\/es\/wp-json\/wp\/v2\/types\/page"}],"author":[{"embeddable":true,"href":"https:\/\/ensa.eu\/es\/wp-json\/wp\/v2\/users\/1"}],"replies":[{"embeddable":true,"href":"https:\/\/ensa.eu\/es\/wp-json\/wp\/v2\/comments?post=1878"}],"version-history":[{"count":7,"href":"https:\/\/ensa.eu\/es\/wp-json\/wp\/v2\/pages\/1878\/revisions"}],"predecessor-version":[{"id":1887,"href":"https:\/\/ensa.eu\/es\/wp-json\/wp\/v2\/pages\/1878\/revisions\/1887"}],"wp:attachment":[{"href":"https:\/\/ensa.eu\/es\/wp-json\/wp\/v2\/media?parent=1878"}],"curies":[{"name":"wp","href":"https:\/\/api.w.org\/{rel}","templated":true}]}}