{"id":1871,"date":"2025-04-15T11:49:53","date_gmt":"2025-04-15T09:49:53","guid":{"rendered":"https:\/\/ensa.jklanten.nl\/ensa\/"},"modified":"2025-06-05T10:40:38","modified_gmt":"2025-06-05T08:40:38","slug":"ensa","status":"publish","type":"page","link":"https:\/\/ensa.eu\/es\/ensa\/","title":{"rendered":"Ensa"},"content":{"rendered":"\t\t<div data-elementor-type=\"wp-page\" data-elementor-id=\"1871\" class=\"elementor elementor-1871 elementor-626\" data-elementor-post-type=\"page\">\n\t\t\t\t<div class=\"elementor-element elementor-element-b30d0df e-flex e-con-boxed e-con e-parent\" data-id=\"b30d0df\" data-element_type=\"container\" data-settings=\"{&quot;background_background&quot;:&quot;slideshow&quot;,&quot;background_slideshow_gallery&quot;:[{&quot;id&quot;:23,&quot;url&quot;:&quot;https:\\\/\\\/ensa.eu\\\/wp-content\\\/uploads\\\/2025\\\/02\\\/ensa-machinebouw-homepage-slide-4.jpg&quot;},{&quot;id&quot;:22,&quot;url&quot;:&quot;https:\\\/\\\/ensa.eu\\\/wp-content\\\/uploads\\\/2025\\\/02\\\/ensa-machinebouw-homepage-slide-3.jpg&quot;}],&quot;background_slideshow_ken_burns&quot;:&quot;yes&quot;,&quot;background_slideshow_loop&quot;:&quot;yes&quot;,&quot;background_slideshow_slide_duration&quot;:5000,&quot;background_slideshow_slide_transition&quot;:&quot;fade&quot;,&quot;background_slideshow_transition_duration&quot;:500,&quot;background_slideshow_ken_burns_zoom_direction&quot;:&quot;in&quot;}\">\n\t\t\t\t\t<div class=\"e-con-inner\">\n\t\t\t\t<div class=\"elementor-element elementor-element-45bd5e5 elementor-widget__width-initial elementor-widget elementor-widget-text-editor\" data-id=\"45bd5e5\" data-element_type=\"widget\" data-widget_type=\"text-editor.default\">\n\t\t\t\t<div class=\"elementor-widget-container\">\n\t\t\t\t\t\t\t\t\t<p>Harrie van de Ven fund\u00f3 Ensa en 1997. Con sus conocimientos y experiencia se atrevi\u00f3 a revisar una m\u00e1quina de cigarros que nadie se aventuraba a inspeccionar. \u00abConoc\u00eda la m\u00e1quina anteriormente y sab\u00eda que pod\u00eda hacerlo.\u00bb Como especialista, Harrie reuni\u00f3 a un equipo de profesionales dedicados, todos con muchos conocimientos de la industria del tabaco. Una vez constituido el equipo de trabajo, se comenz\u00f3 con la revisi\u00f3n y fabricaci\u00f3n de m\u00e1quinas. El hijo de Harrie, Martijn, y su hija, Margriet, tomaron las riendas de la empresa en 2012.<\/p>\t\t\t\t\t\t\t\t<\/div>\n\t\t\t\t<\/div>\n\t\t\t\t<div class=\"elementor-element elementor-element-e23cacf elementor-widget elementor-widget-button\" data-id=\"e23cacf\" data-element_type=\"widget\" data-widget_type=\"button.default\">\n\t\t\t\t<div class=\"elementor-widget-container\">\n\t\t\t\t\t\t\t\t\t<div class=\"elementor-button-wrapper\">\n\t\t\t\t\t<a class=\"elementor-button elementor-button-link elementor-size-sm\" href=\"https:\/\/ensa.eu\/es\/contacto\/\">\n\t\t\t\t\t\t<span class=\"elementor-button-content-wrapper\">\n\t\t\t\t\t\t\t\t\t<span class=\"elementor-button-text\">Cont\u00e1ctenos<\/span>\n\t\t\t\t\t<\/span>\n\t\t\t\t\t<\/a>\n\t\t\t\t<\/div>\n\t\t\t\t\t\t\t\t<\/div>\n\t\t\t\t<\/div>\n\t\t\t\t\t<\/div>\n\t\t\t\t<\/div>\n\t\t<div class=\"elementor-element elementor-element-7d4ef46 e-flex e-con-boxed e-con e-parent\" data-id=\"7d4ef46\" data-element_type=\"container\" data-settings=\"{&quot;background_background&quot;:&quot;classic&quot;}\">\n\t\t\t\t\t<div class=\"e-con-inner\">\n\t\t<div class=\"elementor-element elementor-element-dfb07d7 e-con-full e-flex e-con e-child\" data-id=\"dfb07d7\" data-element_type=\"container\" data-settings=\"{&quot;background_background&quot;:&quot;classic&quot;}\">\n\t\t<div class=\"elementor-element elementor-element-3cd2f25 e-con-full e-flex e-con e-child\" data-id=\"3cd2f25\" data-element_type=\"container\">\n\t\t\t\t<div class=\"elementor-element elementor-element-59fb325 elementor-widget elementor-widget-heading\" data-id=\"59fb325\" data-element_type=\"widget\" data-widget_type=\"heading.default\">\n\t\t\t\t<div class=\"elementor-widget-container\">\n\t\t\t\t\t<h1 class=\"elementor-heading-title elementor-size-default\">Producci\u00f3n estable con poco tiempo de inactividad<\/h1>\t\t\t\t<\/div>\n\t\t\t\t<\/div>\n\t\t\t\t<div class=\"elementor-element elementor-element-bc80f61 elementor-widget elementor-widget-text-editor\" data-id=\"bc80f61\" data-element_type=\"widget\" data-widget_type=\"text-editor.default\">\n\t\t\t\t<div class=\"elementor-widget-container\">\n\t\t\t\t\t\t\t\t\t<p>\u201cSomos especialistas en el desarrollo y la fabricaci\u00f3n de componentes y m\u00e1quinas completas de alta calidad para la industria del cigarro. Nuestras m\u00e1quinas ofrecen una producci\u00f3n estable con poco tiempo de inactividad y unos menores costes de producci\u00f3n. A los operarios les gusta trabajar con nuestras m\u00e1quinas. Proporcionan tranquilidad y, por lo tanto, los operarios pueden realizar otras actividades preparatorias, pueden mantener su lugar de trabajo limpio y ordenado, y pueden comprobar la calidad del cigarro\u201d, explica Martijn.<\/p>\t\t\t\t\t\t\t\t<\/div>\n\t\t\t\t<\/div>\n\t\t\t\t<\/div>\n\t\t<div class=\"elementor-element elementor-element-eed208b e-con-full e-flex e-con e-child\" data-id=\"eed208b\" data-element_type=\"container\">\n\t\t\t\t<div class=\"elementor-element elementor-element-38a6790 elementor-widget elementor-widget-video\" data-id=\"38a6790\" data-element_type=\"widget\" data-settings=\"{&quot;video_type&quot;:&quot;vimeo&quot;,&quot;mute&quot;:&quot;yes&quot;,&quot;yt_privacy&quot;:&quot;yes&quot;}\" data-widget_type=\"video.default\">\n\t\t\t\t<div class=\"elementor-widget-container\">\n\t\t\t\t\t\t\t<div class=\"elementor-wrapper elementor-open-inline\">\n\t\t\t<iframe class=\"elementor-video-iframe\" allowfullscreen allow=\"clipboard-write\" title=\"Reproductor de v\u00eddeo vimeo\" src=\"https:\/\/player.vimeo.com\/video\/201827147?color&amp;autopause=0&amp;dnt=true&amp;loop=0&amp;muted=1&amp;title=1&amp;portrait=1&amp;byline=1#t=\"><\/iframe>\t\t<\/div>\n\t\t\t\t\t\t<\/div>\n\t\t\t\t<\/div>\n\t\t\t\t<\/div>\n\t\t\t\t<\/div>\n\t\t\t\t\t<\/div>\n\t\t\t\t<\/div>\n\t\t<div class=\"elementor-element elementor-element-e7f9563 e-flex e-con-boxed e-con e-parent\" data-id=\"e7f9563\" data-element_type=\"container\" data-settings=\"{&quot;background_background&quot;:&quot;classic&quot;}\">\n\t\t\t\t\t<div class=\"e-con-inner\">\n\t\t\t\t<div class=\"elementor-element elementor-element-2c45934 elementor-widget elementor-widget-heading\" data-id=\"2c45934\" data-element_type=\"widget\" data-widget_type=\"heading.default\">\n\t\t\t\t<div class=\"elementor-widget-container\">\n\t\t\t\t\t<h2 class=\"elementor-heading-title elementor-size-default\">Siempre encontramos una soluci\u00f3n adecuada<\/h2>\t\t\t\t<\/div>\n\t\t\t\t<\/div>\n\t\t\t\t<div class=\"elementor-element elementor-element-29d01dc elementor-widget__width-initial elementor-widget elementor-widget-text-editor\" data-id=\"29d01dc\" data-element_type=\"widget\" data-widget_type=\"text-editor.default\">\n\t\t\t\t<div class=\"elementor-widget-container\">\n\t\t\t\t\t\t\t\t\t<p>\u201cNuestras m\u00e1quinas pueden durar f\u00e1cilmente cien a\u00f1os, y rara vez se paran. Pero si alguna vez eso pasa, lo solucionaremos\u201d, a\u00f1adi\u00f3 Margriet. \u201cBuscamos la ra\u00edz del problema. Debido a que conocemos las m\u00e1quinas como nadie y a que sabemos lo que estamos haciendo, siempre podemos ofrecer una soluci\u00f3n adecuada partiendo de esos conocimientos y experiencia. \u00a1Y tambi\u00e9n lo hacemos muy r\u00e1pido!\u00bb<\/p>\t\t\t\t\t\t\t\t<\/div>\n\t\t\t\t<\/div>\n\t\t\t\t\t<\/div>\n\t\t\t\t<\/div>\n\t\t<div class=\"elementor-element elementor-element-d6127a5 e-con-full e-flex e-con e-parent\" data-id=\"d6127a5\" data-element_type=\"container\">\n\t\t\t\t<div class=\"elementor-element elementor-element-ab4b413 elementor-widget elementor-widget-gallery\" data-id=\"ab4b413\" data-element_type=\"widget\" data-settings=\"{&quot;columns&quot;:3,&quot;gap&quot;:{&quot;unit&quot;:&quot;px&quot;,&quot;size&quot;:0,&quot;sizes&quot;:[]},&quot;aspect_ratio&quot;:&quot;16:9&quot;,&quot;columns_tablet&quot;:1,&quot;gap_tablet&quot;:{&quot;unit&quot;:&quot;px&quot;,&quot;size&quot;:0,&quot;sizes&quot;:[]},&quot;gap_mobile&quot;:{&quot;unit&quot;:&quot;px&quot;,&quot;size&quot;:0,&quot;sizes&quot;:[]},&quot;gallery_layout&quot;:&quot;grid&quot;,&quot;columns_mobile&quot;:1,&quot;link_to&quot;:&quot;file&quot;,&quot;overlay_background&quot;:&quot;yes&quot;,&quot;content_hover_animation&quot;:&quot;fade-in&quot;}\" data-widget_type=\"gallery.default\">\n\t\t\t\t<div class=\"elementor-widget-container\">\n\t\t\t\t\t\t\t<div class=\"elementor-gallery__container\">\n\t\t\t\t\t\t\t<a class=\"e-gallery-item elementor-gallery-item elementor-animated-content\" href=\"https:\/\/ensa.eu\/wp-content\/uploads\/2025\/05\/1.jpg\" data-elementor-open-lightbox=\"yes\" data-elementor-lightbox-slideshow=\"ab4b413\" data-elementor-lightbox-title=\"1\" data-e-action-hash=\"#elementor-action%3Aaction%3Dlightbox%26settings%3DeyJpZCI6MTc4MywidXJsIjoiaHR0cHM6XC9cL2Vuc2EuZXVcL3dwLWNvbnRlbnRcL3VwbG9hZHNcLzIwMjVcLzA1XC8xLmpwZyIsInNsaWRlc2hvdyI6ImFiNGI0MTMifQ%3D%3D\">\n\t\t\t\t\t<div class=\"e-gallery-image elementor-gallery-item__image\" data-thumbnail=\"https:\/\/ensa.eu\/wp-content\/uploads\/2025\/05\/1.jpg\" data-width=\"640\" data-height=\"480\" aria-label=\"\" role=\"img\" ><\/div>\n\t\t\t\t\t\t\t\t\t\t\t<div class=\"elementor-gallery-item__overlay\"><\/div>\n\t\t\t\t\t\t\t\t\t\t\t\t\t\t<\/a>\n\t\t\t\t\t\t\t<a class=\"e-gallery-item elementor-gallery-item elementor-animated-content\" href=\"https:\/\/ensa.eu\/wp-content\/uploads\/2025\/05\/2.jpg\" data-elementor-open-lightbox=\"yes\" data-elementor-lightbox-slideshow=\"ab4b413\" data-elementor-lightbox-title=\"2\" data-e-action-hash=\"#elementor-action%3Aaction%3Dlightbox%26settings%3DeyJpZCI6MTc4NCwidXJsIjoiaHR0cHM6XC9cL2Vuc2EuZXVcL3dwLWNvbnRlbnRcL3VwbG9hZHNcLzIwMjVcLzA1XC8yLmpwZyIsInNsaWRlc2hvdyI6ImFiNGI0MTMifQ%3D%3D\">\n\t\t\t\t\t<div class=\"e-gallery-image elementor-gallery-item__image\" data-thumbnail=\"https:\/\/ensa.eu\/wp-content\/uploads\/2025\/05\/2.jpg\" data-width=\"640\" data-height=\"480\" aria-label=\"\" role=\"img\" ><\/div>\n\t\t\t\t\t\t\t\t\t\t\t<div class=\"elementor-gallery-item__overlay\"><\/div>\n\t\t\t\t\t\t\t\t\t\t\t\t\t\t<\/a>\n\t\t\t\t\t\t\t<a class=\"e-gallery-item elementor-gallery-item elementor-animated-content\" href=\"https:\/\/ensa.eu\/wp-content\/uploads\/2025\/05\/3.jpg\" data-elementor-open-lightbox=\"yes\" data-elementor-lightbox-slideshow=\"ab4b413\" data-elementor-lightbox-title=\"3\" data-e-action-hash=\"#elementor-action%3Aaction%3Dlightbox%26settings%3DeyJpZCI6MTc4NSwidXJsIjoiaHR0cHM6XC9cL2Vuc2EuZXVcL3dwLWNvbnRlbnRcL3VwbG9hZHNcLzIwMjVcLzA1XC8zLmpwZyIsInNsaWRlc2hvdyI6ImFiNGI0MTMifQ%3D%3D\">\n\t\t\t\t\t<div class=\"e-gallery-image elementor-gallery-item__image\" data-thumbnail=\"https:\/\/ensa.eu\/wp-content\/uploads\/2025\/05\/3.jpg\" data-width=\"640\" data-height=\"480\" aria-label=\"\" role=\"img\" ><\/div>\n\t\t\t\t\t\t\t\t\t\t\t<div class=\"elementor-gallery-item__overlay\"><\/div>\n\t\t\t\t\t\t\t\t\t\t\t\t\t\t<\/a>\n\t\t\t\t\t<\/div>\n\t\t\t\t\t<\/div>\n\t\t\t\t<\/div>\n\t\t\t\t<\/div>\n\t\t\t\t<\/div>\n\t\t","protected":false},"excerpt":{"rendered":"<p>Harrie van de Ven fund\u00f3 Ensa en 1997. Con sus conocimientos y experiencia se atrevi\u00f3 a revisar una m\u00e1quina de cigarros que nadie se aventuraba a inspeccionar. \u00abConoc\u00eda la m\u00e1quina anteriormente y sab\u00eda que pod\u00eda hacerlo.\u00bb Como especialista, Harrie reuni\u00f3 a un equipo de profesionales dedicados, todos con muchos conocimientos de la industria del tabaco. [&hellip;]<\/p>\n","protected":false},"author":1,"featured_media":0,"parent":0,"menu_order":0,"comment_status":"closed","ping_status":"closed","template":"","meta":{"_acf_changed":false,"footnotes":""},"class_list":["post-1871","page","type-page","status-publish","hentry"],"acf":[],"yoast_head":"<!-- This site is optimized with the Yoast SEO plugin v26.6 - https:\/\/yoast.com\/wordpress\/plugins\/seo\/ -->\n<title>Ensa - Ensa Machine Bouw<\/title>\n<meta name=\"robots\" content=\"index, follow, max-snippet:-1, max-image-preview:large, max-video-preview:-1\" \/>\n<link rel=\"canonical\" href=\"https:\/\/ensa.eu\/es\/ensa\/\" \/>\n<meta property=\"og:locale\" content=\"es_ES\" \/>\n<meta property=\"og:type\" content=\"article\" \/>\n<meta property=\"og:title\" content=\"Ensa - Ensa Machine Bouw\" \/>\n<meta property=\"og:description\" content=\"Harrie van de Ven fund\u00f3 Ensa en 1997. Con sus conocimientos y experiencia se atrevi\u00f3 a revisar una m\u00e1quina de cigarros que nadie se aventuraba a inspeccionar. \u00abConoc\u00eda la m\u00e1quina anteriormente y sab\u00eda que pod\u00eda hacerlo.\u00bb Como especialista, Harrie reuni\u00f3 a un equipo de profesionales dedicados, todos con muchos conocimientos de la industria del tabaco. [&hellip;]\" \/>\n<meta property=\"og:url\" content=\"https:\/\/ensa.eu\/es\/ensa\/\" \/>\n<meta property=\"og:site_name\" content=\"Ensa Machine Bouw\" \/>\n<meta property=\"article:modified_time\" content=\"2025-06-05T08:40:38+00:00\" \/>\n<meta name=\"twitter:card\" content=\"summary_large_image\" \/>\n<meta name=\"twitter:label1\" content=\"Tiempo de lectura\" \/>\n\t<meta name=\"twitter:data1\" content=\"1 minuto\" \/>\n<script type=\"application\/ld+json\" class=\"yoast-schema-graph\">{\"@context\":\"https:\/\/schema.org\",\"@graph\":[{\"@type\":\"WebPage\",\"@id\":\"https:\/\/ensa.eu\/es\/ensa\/\",\"url\":\"https:\/\/ensa.eu\/es\/ensa\/\",\"name\":\"Ensa - Ensa Machine Bouw\",\"isPartOf\":{\"@id\":\"https:\/\/ensa.eu\/#website\"},\"datePublished\":\"2025-04-15T09:49:53+00:00\",\"dateModified\":\"2025-06-05T08:40:38+00:00\",\"breadcrumb\":{\"@id\":\"https:\/\/ensa.eu\/es\/ensa\/#breadcrumb\"},\"inLanguage\":\"es\",\"potentialAction\":[{\"@type\":\"ReadAction\",\"target\":[\"https:\/\/ensa.eu\/es\/ensa\/\"]}]},{\"@type\":\"BreadcrumbList\",\"@id\":\"https:\/\/ensa.eu\/es\/ensa\/#breadcrumb\",\"itemListElement\":[{\"@type\":\"ListItem\",\"position\":1,\"name\":\"Home\",\"item\":\"https:\/\/ensa.eu\/es\/\"},{\"@type\":\"ListItem\",\"position\":2,\"name\":\"Ensa\"}]},{\"@type\":\"WebSite\",\"@id\":\"https:\/\/ensa.eu\/#website\",\"url\":\"https:\/\/ensa.eu\/\",\"name\":\"Ensa Machine Bouw\",\"description\":\"\",\"potentialAction\":[{\"@type\":\"SearchAction\",\"target\":{\"@type\":\"EntryPoint\",\"urlTemplate\":\"https:\/\/ensa.eu\/?s={search_term_string}\"},\"query-input\":{\"@type\":\"PropertyValueSpecification\",\"valueRequired\":true,\"valueName\":\"search_term_string\"}}],\"inLanguage\":\"es\"}]}<\/script>\n<!-- \/ Yoast SEO plugin. -->","yoast_head_json":{"title":"Ensa - Ensa Machine Bouw","robots":{"index":"index","follow":"follow","max-snippet":"max-snippet:-1","max-image-preview":"max-image-preview:large","max-video-preview":"max-video-preview:-1"},"canonical":"https:\/\/ensa.eu\/es\/ensa\/","og_locale":"es_ES","og_type":"article","og_title":"Ensa - Ensa Machine Bouw","og_description":"Harrie van de Ven fund\u00f3 Ensa en 1997. Con sus conocimientos y experiencia se atrevi\u00f3 a revisar una m\u00e1quina de cigarros que nadie se aventuraba a inspeccionar. \u00abConoc\u00eda la m\u00e1quina anteriormente y sab\u00eda que pod\u00eda hacerlo.\u00bb Como especialista, Harrie reuni\u00f3 a un equipo de profesionales dedicados, todos con muchos conocimientos de la industria del tabaco. [&hellip;]","og_url":"https:\/\/ensa.eu\/es\/ensa\/","og_site_name":"Ensa Machine Bouw","article_modified_time":"2025-06-05T08:40:38+00:00","twitter_card":"summary_large_image","twitter_misc":{"Tiempo de lectura":"1 minuto"},"schema":{"@context":"https:\/\/schema.org","@graph":[{"@type":"WebPage","@id":"https:\/\/ensa.eu\/es\/ensa\/","url":"https:\/\/ensa.eu\/es\/ensa\/","name":"Ensa - Ensa Machine Bouw","isPartOf":{"@id":"https:\/\/ensa.eu\/#website"},"datePublished":"2025-04-15T09:49:53+00:00","dateModified":"2025-06-05T08:40:38+00:00","breadcrumb":{"@id":"https:\/\/ensa.eu\/es\/ensa\/#breadcrumb"},"inLanguage":"es","potentialAction":[{"@type":"ReadAction","target":["https:\/\/ensa.eu\/es\/ensa\/"]}]},{"@type":"BreadcrumbList","@id":"https:\/\/ensa.eu\/es\/ensa\/#breadcrumb","itemListElement":[{"@type":"ListItem","position":1,"name":"Home","item":"https:\/\/ensa.eu\/es\/"},{"@type":"ListItem","position":2,"name":"Ensa"}]},{"@type":"WebSite","@id":"https:\/\/ensa.eu\/#website","url":"https:\/\/ensa.eu\/","name":"Ensa Machine Bouw","description":"","potentialAction":[{"@type":"SearchAction","target":{"@type":"EntryPoint","urlTemplate":"https:\/\/ensa.eu\/?s={search_term_string}"},"query-input":{"@type":"PropertyValueSpecification","valueRequired":true,"valueName":"search_term_string"}}],"inLanguage":"es"}]}},"_links":{"self":[{"href":"https:\/\/ensa.eu\/es\/wp-json\/wp\/v2\/pages\/1871","targetHints":{"allow":["GET"]}}],"collection":[{"href":"https:\/\/ensa.eu\/es\/wp-json\/wp\/v2\/pages"}],"about":[{"href":"https:\/\/ensa.eu\/es\/wp-json\/wp\/v2\/types\/page"}],"author":[{"embeddable":true,"href":"https:\/\/ensa.eu\/es\/wp-json\/wp\/v2\/users\/1"}],"replies":[{"embeddable":true,"href":"https:\/\/ensa.eu\/es\/wp-json\/wp\/v2\/comments?post=1871"}],"version-history":[{"count":1,"href":"https:\/\/ensa.eu\/es\/wp-json\/wp\/v2\/pages\/1871\/revisions"}],"predecessor-version":[{"id":1872,"href":"https:\/\/ensa.eu\/es\/wp-json\/wp\/v2\/pages\/1871\/revisions\/1872"}],"wp:attachment":[{"href":"https:\/\/ensa.eu\/es\/wp-json\/wp\/v2\/media?parent=1871"}],"curies":[{"name":"wp","href":"https:\/\/api.w.org\/{rel}","templated":true}]}}